{"id":9,"date":"2019-08-28T10:36:35","date_gmt":"2019-08-28T08:36:35","guid":{"rendered":"http:\/\/forskningskommunikation.net\/?page_id=9"},"modified":"2020-05-14T13:17:16","modified_gmt":"2020-05-14T11:17:16","slug":"artikler-om-bogen","status":"publish","type":"page","link":"https:\/\/forskningskommunikation.net\/?page_id=9","title":{"rendered":"Mere om emnet"},"content":{"rendered":"<p>[et_pb_section fb_built=&#8221;1&#8243; fullwidth=&#8221;on&#8221; disabled_on=&#8221;off|off|off&#8221; admin_label=&#8221;Hero&#8221; _builder_version=&#8221;3.22&#8243; background_color=&#8221;#1f1f1f&#8221; parallax=&#8221;on&#8221; custom_padding=&#8221;|||&#8221; transparent_background=&#8221;on&#8221;][et_pb_fullwidth_header title=&#8221;L\u00e6s mere om forskningskommunikation&#8221; text_orientation=&#8221;center&#8221; background_overlay_color=&#8221;rgba(31,31,31,0.85)&#8221; subhead_font_color=&#8221;#bebebe&#8221; _builder_version=&#8221;4.0.7&#8243; title_font=&#8221;Allerta||||||||&#8221; title_text_color=&#8221;#ffffff&#8221; title_font_size=&#8221;60px&#8221; title_line_height=&#8221;1.3em&#8221; content_font=&#8221;Montserrat||||&#8221; content_text_color=&#8221;#bfbfbf&#8221; content_line_height=&#8221;1.8em&#8221; subhead_font=&#8221;Montserrat||||&#8221; subhead_text_color=&#8221;#bebebe&#8221; subhead_line_height=&#8221;1.8em&#8221; background_color=&#8221;rgba(255, 255, 255, 0)&#8221; background_image=&#8221;http:\/\/forskningskommunikation.net\/wp-content\/uploads\/2019\/12\/selective-focus-photography-of-white-dandelion-flower-1333324-scaled.jpg&#8221; parallax=&#8221;on&#8221; parallax_method=&#8221;on&#8221; custom_padding=&#8221;5%||5%|&#8221; animation_style=&#8221;zoom&#8221; animation_duration=&#8221;1500ms&#8221; animation_intensity_zoom=&#8221;4%&#8221; title_line_height_last_edited=&#8221;off|desktop&#8221; button_one_text_size__hover_enabled=&#8221;off&#8221; button_two_text_size__hover_enabled=&#8221;off&#8221; button_one_text_color__hover_enabled=&#8221;off&#8221; button_two_text_color__hover_enabled=&#8221;off&#8221; button_one_border_width__hover_enabled=&#8221;off&#8221; button_two_border_width__hover_enabled=&#8221;off&#8221; button_one_border_color__hover_enabled=&#8221;off&#8221; button_two_border_color__hover_enabled=&#8221;off&#8221; button_one_border_radius__hover_enabled=&#8221;off&#8221; button_two_border_radius__hover_enabled=&#8221;off&#8221; button_one_letter_spacing__hover_enabled=&#8221;off&#8221; button_two_letter_spacing__hover_enabled=&#8221;off&#8221; button_one_bg_color__hover_enabled=&#8221;off&#8221; button_two_bg_color__hover_enabled=&#8221;off&#8221;]<\/p>\n<p>F\u00e5 overblik over, hvad vi ellers har skrevet om forskningskommunikation<\/p>\n<p>[\/et_pb_fullwidth_header][\/et_pb_section][et_pb_section fb_built=&#8221;1&#8243; admin_label=&#8221;Blog&#8221; _builder_version=&#8221;3.22&#8243; background_color=&#8221;rgba(0,0,0,0.03)&#8221; background_size=&#8221;initial&#8221; background_position=&#8221;top_left&#8221; custom_padding=&#8221;100px|0px|100px|0px&#8221; collapsed=&#8221;off&#8221;][et_pb_row _builder_version=&#8221;4.3.4&#8243; border_width_all=&#8221;1px&#8221;][et_pb_column type=&#8221;4_4&#8243; _builder_version=&#8221;4.3.4&#8243;][et_pb_text _builder_version=&#8221;4.3.4&#8243; text_font=&#8221;Montserrat||||||||&#8221; text_text_color=&#8221;#939393&#8243;]<\/p>\n<p style=\"text-align: center;\">Vi vil l\u00f8bende publicere materiale og indhold fra og om bogen her.<\/p>\n<p style=\"text-align: center;\">Vi har skrevet en r\u00e6kke kortere artikler, som bliver publiceret i forskellige medier. Det vil vi linke til og s\u00e5 vidt muligt vise artiklerne her, efterh\u00e5nden som de bliver f\u00e6rdige. Vi kommer ogs\u00e5 til at l\u00e6gge videoer op \u2013 b\u00e5de dem, vi selv udarbejder undervejs, og dokumentationsvideoer fra opl\u00e6g, konferencer &#8230; samt hvad vi ellers finder p\u00e5.<\/p>\n<p style=\"text-align: center;\">God forn\u00f8jelse!<\/p>\n<p>[\/et_pb_text][\/et_pb_column][\/et_pb_row][et_pb_row _builder_version=&#8221;4.3.4&#8243; custom_margin=&#8221;5px||||false|false&#8221;][et_pb_column type=&#8221;4_4&#8243; _builder_version=&#8221;4.3.4&#8243;][et_pb_text _builder_version=&#8221;4.4.5&#8243; text_font=&#8221;Montserrat||||||||&#8221; hover_enabled=&#8221;0&#8243;]<\/p>\n<h4 style=\"text-align: center;\"><strong>Artikler, videoer og omtaler<br \/> <\/strong><\/h4>\n<p>[\/et_pb_text][et_pb_blog include_categories=&#8221;3&#8243; show_thumbnail=&#8221;off&#8221; show_more=&#8221;on&#8221; show_author=&#8221;off&#8221; show_date=&#8221;off&#8221; show_categories=&#8221;off&#8221; _builder_version=&#8221;4.3.4&#8243; header_level=&#8221;h4&#8243; header_font=&#8221;Montserrat||||||||&#8221; header_font_size=&#8221;16px&#8221; body_font=&#8221;Montserrat||||||||&#8221; body_text_color=&#8221;#939393&#8243; read_more_font=&#8221;Montserrat||||||||&#8221; read_more_text_color=&#8221;#000000&#8243; read_more_font_size=&#8221;16px&#8221; link_option_url_new_window=&#8221;on&#8221;][\/et_pb_blog][\/et_pb_column][\/et_pb_row][\/et_pb_section][et_pb_section fb_built=&#8221;1&#8243; admin_label=&#8221;Blog&#8221; _builder_version=&#8221;4.3.4&#8243; background_color=&#8221;#474747&#8243; background_size=&#8221;initial&#8221; background_position=&#8221;top_left&#8221; custom_padding=&#8221;100px|0px|100px|0px&#8221; collapsed=&#8221;off&#8221;][et_pb_row column_structure=&#8221;1_2,1_2&#8243; _builder_version=&#8221;4.3.4&#8243;][et_pb_column type=&#8221;1_2&#8243; _builder_version=&#8221;4.3.4&#8243;][et_pb_image src=&#8221;http:\/\/forskningskommunikation.net\/wp-content\/uploads\/2020\/03\/Citat7.png&#8221; _builder_version=&#8221;4.3.4&#8243;][\/et_pb_image][\/et_pb_column][et_pb_column type=&#8221;1_2&#8243; _builder_version=&#8221;4.3.4&#8243;][et_pb_image src=&#8221;http:\/\/forskningskommunikation.net\/wp-content\/uploads\/2020\/03\/Citat81.png&#8221; _builder_version=&#8221;4.3.4&#8243;][\/et_pb_image][\/et_pb_column][\/et_pb_row][\/et_pb_section][et_pb_section fb_built=&#8221;1&#8243; fullwidth=&#8221;on&#8221; _builder_version=&#8221;4.3.4&#8243;][\/et_pb_section]<\/p>\n","protected":false},"excerpt":{"rendered":"<p>F\u00e5 overblik over, hvad vi ellers har skrevet om forskningskommunikationVi vil l\u00f8bende publicere materiale og indhold fra og om bogen her. Vi har skrevet en r\u00e6kke kortere artikler, som bliver publiceret i forskellige medier. Det vil vi linke til og s\u00e5 vidt muligt vise artiklerne her, efterh\u00e5nden som de bliver f\u00e6rdige. Vi kommer ogs\u00e5 til [&hellip;]<\/p>\n","protected":false},"author":7,"featured_media":0,"parent":0,"menu_order":0,"comment_status":"closed","ping_status":"closed","template":"","meta":{"_et_pb_use_builder":"on","_et_pb_old_content":"","_et_gb_content_width":"","footnotes":""},"class_list":["post-9","page","type-page","status-publish","hentry"],"_links":{"self":[{"href":"https:\/\/forskningskommunikation.net\/index.php?rest_route=\/wp\/v2\/pages\/9","targetHints":{"allow":["GET"]}}],"collection":[{"href":"https:\/\/forskningskommunikation.net\/index.php?rest_route=\/wp\/v2\/pages"}],"about":[{"href":"https:\/\/forskningskommunikation.net\/index.php?rest_route=\/wp\/v2\/types\/page"}],"author":[{"embeddable":true,"href":"https:\/\/forskningskommunikation.net\/index.php?rest_route=\/wp\/v2\/users\/7"}],"replies":[{"embeddable":true,"href":"https:\/\/forskningskommunikation.net\/index.php?rest_route=%2Fwp%2Fv2%2Fcomments&post=9"}],"version-history":[{"count":5,"href":"https:\/\/forskningskommunikation.net\/index.php?rest_route=\/wp\/v2\/pages\/9\/revisions"}],"predecessor-version":[{"id":707,"href":"https:\/\/forskningskommunikation.net\/index.php?rest_route=\/wp\/v2\/pages\/9\/revisions\/707"}],"wp:attachment":[{"href":"https:\/\/forskningskommunikation.net\/index.php?rest_route=%2Fwp%2Fv2%2Fmedia&parent=9"}],"curies":[{"name":"wp","href":"https:\/\/api.w.org\/{rel}","templated":true}]}}