{"id":30,"date":"2019-08-28T13:25:24","date_gmt":"2019-08-28T11:25:24","guid":{"rendered":"http:\/\/forskningskommunikation.net\/?page_id=30"},"modified":"2020-03-12T13:59:33","modified_gmt":"2020-03-12T11:59:33","slug":"30-2","status":"publish","type":"page","link":"https:\/\/forskningskommunikation.net\/","title":{"rendered":"Index"},"content":{"rendered":"<p>[et_pb_section fb_built=&#8221;1&#8243; fullwidth=&#8221;on&#8221; disabled_on=&#8221;off|off|off&#8221; admin_label=&#8221;Hero&#8221; _builder_version=&#8221;4.0.7&#8243; background_color=&#8221;#1f1f1f&#8221; parallax=&#8221;on&#8221; custom_padding=&#8221;|||&#8221; transparent_background=&#8221;on&#8221;][et_pb_fullwidth_header title=&#8221;FORSKNINGSKOMMUNIKATION&#8221; text_orientation=&#8221;center&#8221; background_overlay_color=&#8221;rgba(31,31,31,0.85)&#8221; subhead_font_color=&#8221;#bebebe&#8221; _builder_version=&#8221;4.3.4&#8243; title_font=&#8221;Allerta||||||||&#8221; title_text_color=&#8221;#ffffff&#8221; title_font_size=&#8221;60px&#8221; title_line_height=&#8221;1.3em&#8221; content_font=&#8221;Montserrat||||&#8221; content_text_color=&#8221;#bfbfbf&#8221; content_line_height=&#8221;1.8em&#8221; subhead_font=&#8221;Verdana||||||||&#8221; subhead_text_color=&#8221;#bebebe&#8221; subhead_line_height=&#8221;1.8em&#8221; background_color=&#8221;rgba(255, 255, 255, 0)&#8221; background_image=&#8221;http:\/\/forskningskommunikation.net\/wp-content\/uploads\/2019\/11\/grayscale-photography-of-dandelion-flowers-2508912-scaled.jpg&#8221; parallax=&#8221;on&#8221; parallax_method=&#8221;on&#8221; custom_padding=&#8221;5%||5%|&#8221; animation_style=&#8221;zoom&#8221; animation_duration=&#8221;1500ms&#8221; animation_intensity_zoom=&#8221;4%&#8221; title_line_height_last_edited=&#8221;off|desktop&#8221; button_one_text_size__hover_enabled=&#8221;off&#8221; button_two_text_size__hover_enabled=&#8221;off&#8221; button_one_text_color__hover_enabled=&#8221;off&#8221; button_two_text_color__hover_enabled=&#8221;off&#8221; button_one_border_width__hover_enabled=&#8221;off&#8221; button_two_border_width__hover_enabled=&#8221;off&#8221; button_one_border_color__hover_enabled=&#8221;off&#8221; button_two_border_color__hover_enabled=&#8221;off&#8221; button_one_border_radius__hover_enabled=&#8221;off&#8221; button_two_border_radius__hover_enabled=&#8221;off&#8221; button_one_letter_spacing__hover_enabled=&#8221;off&#8221; button_two_letter_spacing__hover_enabled=&#8221;off&#8221; button_one_bg_color__hover_enabled=&#8221;off&#8221; button_two_bg_color__hover_enabled=&#8221;off&#8221;]<\/p>\n<p>En praktisk h\u00e5ndbog til eksperter og forskere<\/p>\n<p>[\/et_pb_fullwidth_header][\/et_pb_section][et_pb_section fb_built=&#8221;1&#8243; admin_label=&#8221;Our Story&#8221; _builder_version=&#8221;4.3.4&#8243; background_color=&#8221;#ffffff&#8221; background_position=&#8221;top_left&#8221; custom_padding=&#8221;0px|0px|60px|0px|false|false&#8221; collapsed=&#8221;off&#8221;][et_pb_row column_structure=&#8221;1_2,1_2&#8243; _builder_version=&#8221;3.25&#8243; background_size=&#8221;initial&#8221; background_position=&#8221;top_left&#8221; background_repeat=&#8221;repeat&#8221; custom_margin=&#8221;|||&#8221; custom_padding=&#8221;|||&#8221;][et_pb_column type=&#8221;1_2&#8243; _builder_version=&#8221;3.25&#8243; background_position=&#8221;top_left&#8221; custom_padding=&#8221;|||&#8221; custom_padding__hover=&#8221;|||&#8221;][et_pb_image src=&#8221;http:\/\/forskningskommunikation.net\/wp-content\/uploads\/2019\/11\/forskningskommunikation_3D-bog.png&#8221; _builder_version=&#8221;3.27.3&#8243; animation_style=&#8221;slide&#8221; animation_direction=&#8221;right&#8221; animation_intensity_slide=&#8221;10%&#8221; always_center_on_mobile=&#8221;off&#8221;][\/et_pb_image][\/et_pb_column][et_pb_column type=&#8221;1_2&#8243; _builder_version=&#8221;3.25&#8243; background_position=&#8221;top_left&#8221; custom_padding=&#8221;60px|||&#8221; custom_padding__hover=&#8221;|||&#8221;][et_pb_text _builder_version=&#8221;4.3.4&#8243; text_font=&#8221;Montserrat||||&#8221; text_text_color=&#8221;#939393&#8243; text_line_height=&#8221;1.8em&#8221; header_font=&#8221;||||&#8221; background_size=&#8221;initial&#8221; background_position=&#8221;top_left&#8221; background_repeat=&#8221;repeat&#8221; max_width=&#8221;700px&#8221; animation_style=&#8221;slide&#8221; animation_direction=&#8221;top&#8221; animation_intensity_slide=&#8221;4%&#8221; hover_enabled=&#8221;0&#8243;]<\/p>\n<h4><strong>F\u00e5 succes med din forskningskommunikation<\/strong><\/h4>\n<ul>\n<li>Hvordan kommunikerer jeg effektivt om min ekspertviden og forskning til offentligheden og udvalgte m\u00e5lgrupper?<\/li>\n<li>Hvordan samarbejder jeg mest hensigtsm\u00e6ssigt med journalister?<\/li>\n<li>Hvordan bruger jeg sociale medier p\u00e5 den mest optimale m\u00e5de?<\/li>\n<\/ul>\n<p>Disse vigtige sp\u00f8rgsm\u00e5l bliver besvaret i denne praktiske h\u00e5ndbog om forskningskommunikation.<\/p>\n<p>H\u00e5ndbogen er baseret p\u00e5 forskning i strategisk kommunikation, medier, journalistik og ikke mindst forskningskommunikation. Med det udgangspunkt demonstrerer Gitte Gravengaard og Anders Monrad Rendtorff, hvordan du som ekspert og forsker kan l\u00e6gge en strategi for din forskningskommunikation. Bogen rummer en r\u00e6kke konkrete anbefalinger og praktiske v\u00e6rkt\u00f8jer, der kan hj\u00e6lpe dig i dine bestr\u00e6belser p\u00e5 at kommunikere effektivt om din viden til den brede offentlighed.<span style=\"color: #1f1f1f;\"><span style=\"color: #c39d63;\">\u00a0<\/span><\/span><\/p>\n<p>[\/et_pb_text][\/et_pb_column][\/et_pb_row][et_pb_row column_structure=&#8221;1_2,1_2&#8243; _builder_version=&#8221;4.3.4&#8243; min_height=&#8221;66px&#8221; custom_margin=&#8221;0px||||false|false&#8221; custom_padding=&#8221;0px||||false|false&#8221;][et_pb_column type=&#8221;1_2&#8243; _builder_version=&#8221;4.3.4&#8243;][et_pb_button button_url=&#8221;https:\/\/www.academicbooks.dk\/da\/content\/forskningskommunikation&#8221; url_new_window=&#8221;on&#8221; button_text=&#8221;K\u00f8b bogen&#8221; button_alignment=&#8221;center&#8221; _builder_version=&#8221;4.3.4&#8243; custom_button=&#8221;on&#8221; button_text_size=&#8221;16px&#8221; button_text_color=&#8221;#ffffff&#8221; button_bg_color=&#8221;#939393&#8243; button_bg_color_last_edited=&#8221;off|desktop&#8221; button_bg_color__hover_enabled=&#8221;off|desktop&#8221;][\/et_pb_button][\/et_pb_column][et_pb_column type=&#8221;1_2&#8243; _builder_version=&#8221;4.3.4&#8243;][\/et_pb_column][\/et_pb_row][\/et_pb_section][et_pb_section fb_built=&#8221;1&#8243; admin_label=&#8221;Fresh Ingredients&#8221; _builder_version=&#8221;4.3.4&#8243; background_color=&#8221;#474747&#8243; custom_padding=&#8221;100px|0px|100px|0px&#8221;][et_pb_row column_structure=&#8221;1_2,1_2&#8243; _builder_version=&#8221;4.3.4&#8243; custom_padding=&#8221;61px|||||&#8221;][et_pb_column type=&#8221;1_2&#8243; _builder_version=&#8221;4.3.4&#8243;][et_pb_image src=&#8221;http:\/\/forskningskommunikation.net\/wp-content\/uploads\/2020\/02\/Citat.png&#8221; _builder_version=&#8221;4.3.4&#8243;][\/et_pb_image][\/et_pb_column][et_pb_column type=&#8221;1_2&#8243; _builder_version=&#8221;4.3.4&#8243;][et_pb_image src=&#8221;http:\/\/forskningskommunikation.net\/wp-content\/uploads\/2020\/02\/Citat-21.png&#8221; _builder_version=&#8221;4.3.4&#8243;][\/et_pb_image][\/et_pb_column][\/et_pb_row][\/et_pb_section][et_pb_section fb_built=&#8221;1&#8243; _builder_version=&#8221;4.3.4&#8243; custom_padding=&#8221;0px|0px|0px|0px&#8221;][\/et_pb_section]<\/p>\n","protected":false},"excerpt":{"rendered":"<p>En praktisk h\u00e5ndbog til eksperter og forskereF\u00e5 succes med din forskningskommunikation Hvordan kommunikerer jeg effektivt om min ekspertviden og forskning til offentligheden og udvalgte m\u00e5lgrupper? Hvordan samarbejder jeg mest hensigtsm\u00e6ssigt med journalister? Hvordan bruger jeg sociale medier p\u00e5 den mest optimale m\u00e5de? Disse vigtige sp\u00f8rgsm\u00e5l bliver besvaret i denne praktiske h\u00e5ndbog om forskningskommunikation. H\u00e5ndbogen er [&hellip;]<\/p>\n","protected":false},"author":7,"featured_media":0,"parent":0,"menu_order":0,"comment_status":"closed","ping_status":"closed","template":"","meta":{"_et_pb_use_builder":"on","_et_pb_old_content":"","_et_gb_content_width":"","footnotes":""},"class_list":["post-30","page","type-page","status-publish","hentry"],"_links":{"self":[{"href":"https:\/\/forskningskommunikation.net\/index.php?rest_route=\/wp\/v2\/pages\/30","targetHints":{"allow":["GET"]}}],"collection":[{"href":"https:\/\/forskningskommunikation.net\/index.php?rest_route=\/wp\/v2\/pages"}],"about":[{"href":"https:\/\/forskningskommunikation.net\/index.php?rest_route=\/wp\/v2\/types\/page"}],"author":[{"embeddable":true,"href":"https:\/\/forskningskommunikation.net\/index.php?rest_route=\/wp\/v2\/users\/7"}],"replies":[{"embeddable":true,"href":"https:\/\/forskningskommunikation.net\/index.php?rest_route=%2Fwp%2Fv2%2Fcomments&post=30"}],"version-history":[{"count":5,"href":"https:\/\/forskningskommunikation.net\/index.php?rest_route=\/wp\/v2\/pages\/30\/revisions"}],"predecessor-version":[{"id":640,"href":"https:\/\/forskningskommunikation.net\/index.php?rest_route=\/wp\/v2\/pages\/30\/revisions\/640"}],"wp:attachment":[{"href":"https:\/\/forskningskommunikation.net\/index.php?rest_route=%2Fwp%2Fv2%2Fmedia&parent=30"}],"curies":[{"name":"wp","href":"https:\/\/api.w.org\/{rel}","templated":true}]}}