{"id":12,"date":"2019-08-28T10:36:35","date_gmt":"2019-08-28T08:36:35","guid":{"rendered":"http:\/\/forskningskommunikation.net\/?page_id=12"},"modified":"2022-08-16T08:45:42","modified_gmt":"2022-08-16T06:45:42","slug":"hvem-er-forfatterne","status":"publish","type":"page","link":"https:\/\/forskningskommunikation.net\/?page_id=12","title":{"rendered":"Forfatterteamet"},"content":{"rendered":"<p>[et_pb_section fb_built=&#8221;1&#8243; fullwidth=&#8221;on&#8221; disabled_on=&#8221;off|off|off&#8221; admin_label=&#8221;Hero&#8221; _builder_version=&#8221;3.22&#8243; background_color=&#8221;#1f1f1f&#8221; parallax=&#8221;on&#8221; custom_padding=&#8221;|||&#8221; transparent_background=&#8221;on&#8221; global_colors_info=&#8221;{}&#8221;][et_pb_fullwidth_header title=&#8221;Forfatterteamet&#8221; text_orientation=&#8221;center&#8221; background_overlay_color=&#8221;rgba(31,31,31,0.85)&#8221; subhead_font_color=&#8221;#bebebe&#8221; _builder_version=&#8221;4.0.7&#8243; title_font=&#8221;Allerta||||||||&#8221; title_text_color=&#8221;#ffffff&#8221; title_font_size=&#8221;60px&#8221; title_line_height=&#8221;1.3em&#8221; content_font=&#8221;Montserrat||||&#8221; content_text_color=&#8221;#bfbfbf&#8221; content_line_height=&#8221;1.8em&#8221; subhead_font=&#8221;Montserrat||||&#8221; subhead_text_color=&#8221;#bebebe&#8221; subhead_line_height=&#8221;1.8em&#8221; background_color=&#8221;rgba(255, 255, 255, 0)&#8221; background_image=&#8221;https:\/\/forskningskommunikation.net\/wp-content\/uploads\/2019\/11\/grayscale-photography-of-dandelion-flowers-2508912-scaled.jpg&#8221; parallax=&#8221;on&#8221; parallax_method=&#8221;on&#8221; custom_padding=&#8221;5%||5%|&#8221; animation_style=&#8221;zoom&#8221; animation_duration=&#8221;1500ms&#8221; animation_intensity_zoom=&#8221;4%&#8221; title_line_height_last_edited=&#8221;off|desktop&#8221; global_colors_info=&#8221;{}&#8221; button_one_text_size__hover_enabled=&#8221;off&#8221; button_two_text_size__hover_enabled=&#8221;off&#8221; button_one_text_color__hover_enabled=&#8221;off&#8221; button_two_text_color__hover_enabled=&#8221;off&#8221; button_one_border_width__hover_enabled=&#8221;off&#8221; button_two_border_width__hover_enabled=&#8221;off&#8221; button_one_border_color__hover_enabled=&#8221;off&#8221; button_two_border_color__hover_enabled=&#8221;off&#8221; button_one_border_radius__hover_enabled=&#8221;off&#8221; button_two_border_radius__hover_enabled=&#8221;off&#8221; button_one_letter_spacing__hover_enabled=&#8221;off&#8221; button_two_letter_spacing__hover_enabled=&#8221;off&#8221; button_one_bg_color__hover_enabled=&#8221;off&#8221; button_two_bg_color__hover_enabled=&#8221;off&#8221;]<\/p>\n<p>Kommunikationsforskeren og kommunikationspraktikeren <\/p>\n<p>[\/et_pb_fullwidth_header][\/et_pb_section][et_pb_section fb_built=&#8221;1&#8243; admin_label=&#8221;Our Story&#8221; _builder_version=&#8221;3.22&#8243; background_color=&#8221;#ffffff&#8221; background_position=&#8221;top_left&#8221; custom_margin=&#8221;||-4px|||&#8221; custom_padding=&#8221;120px|0px|120px|0px|true|&#8221; locked=&#8221;off&#8221; collapsed=&#8221;off&#8221; global_colors_info=&#8221;{}&#8221;][et_pb_row column_structure=&#8221;1_2,1_2&#8243; _builder_version=&#8221;4.3.4&#8243; background_size=&#8221;initial&#8221; background_position=&#8221;top_left&#8221; background_repeat=&#8221;repeat&#8221; custom_margin=&#8221;|||&#8221; custom_padding=&#8221;|||&#8221; global_colors_info=&#8221;{}&#8221;][et_pb_column type=&#8221;1_2&#8243; _builder_version=&#8221;4.3.4&#8243; global_colors_info=&#8221;{}&#8221;][et_pb_image src=&#8221;https:\/\/forskningskommunikation.net\/wp-content\/uploads\/2019\/11\/DSC_1280-scaled.jpg&#8221; _builder_version=&#8221;4.3.4&#8243; animation_style=&#8221;slide&#8221; animation_direction=&#8221;left&#8221; animation_intensity_slide=&#8221;10%&#8221; always_center_on_mobile=&#8221;off&#8221; global_colors_info=&#8221;{}&#8221;][\/et_pb_image][et_pb_text _builder_version=&#8221;4.10.6&#8243; text_font=&#8221;Montserrat||||||||&#8221; text_text_color=&#8221;#939393&#8243; link_font=&#8221;Montserrat||||on||||&#8221; link_text_color=&#8221;#939393&#8243; header_font=&#8221;Montserrat||||||||&#8221; header_font_size=&#8221;16px&#8221; hover_enabled=&#8221;0&#8243; global_colors_info=&#8221;{}&#8221; sticky_enabled=&#8221;0&#8243;]<\/p>\n<h4><strong>Kontakt forfatterteamet<\/strong><\/h4>\n<p><strong>Anders Monrad Rendtorff<\/strong><br \/>E: <a href=\"mailto:anders@relationspeople.dk\">anders@relationspeople.dk<br \/><\/a>M: 2940 7016<br \/>W: <a href=\"https:\/\/www.linkedin.com\/in\/gittegravengaard\/\" target=\"_blank\" rel=\"noopener noreferrer\">linkedin.com\/in\/andersrendtorff\/<\/a><\/p>\n<p>[\/et_pb_text][\/et_pb_column][et_pb_column type=&#8221;1_2&#8243; _builder_version=&#8221;3.25&#8243; background_position=&#8221;top_left&#8221; custom_padding=&#8221;|||&#8221; global_colors_info=&#8221;{}&#8221; custom_padding__hover=&#8221;|||&#8221;][et_pb_text disabled_on=&#8221;on|on|off&#8221; _builder_version=&#8221;4.3.4&#8243; text_font=&#8221;Montserrat||||||||&#8221; text_text_color=&#8221;#939393&#8243; header_font=&#8221;Allerta||||||||&#8221; header_2_font=&#8221;Playfair Display||||&#8221; header_2_font_size=&#8221;48px&#8221; header_2_line_height=&#8221;1.3em&#8221; background_size=&#8221;initial&#8221; background_position=&#8221;top_left&#8221; background_repeat=&#8221;repeat&#8221; custom_margin=&#8221;||-1px|||&#8221; global_colors_info=&#8221;{}&#8221; header_font_size__hover=&#8221;30px&#8221; header_font_size__hover_enabled=&#8221;30px&#8221; header_letter_spacing__hover=&#8221;0px&#8221; header_letter_spacing__hover_enabled=&#8221;0px&#8221; header_text_shadow_style__hover=&#8221;none&#8221; header_text_shadow_style__hover_enabled=&#8221;none&#8221; header_text_shadow_color__hover=&#8221;rgba(0,0,0,0.4)&#8221; header_text_shadow_color__hover_enabled=&#8221;rgba(0,0,0,0.4)&#8221;]<\/p>\n<h4><strong>Forskeren og r\u00e5dgiveren<\/strong><\/h4>\n<p><strong>Gitte Gravengaard er kommunikationsforskeren<\/strong>.<br \/> Hun er lektor og ph.d. i Kommunikation ved Institut for Nordiske Studier og Sprogvidenskab, K\u00f8benhavns Universitet.<\/p>\n<p>Gitte forsker og underviser i strategisk kommunikation, forskningskommunikation, kommunikationsr\u00e5dgivning og journalistisk praksis p\u00e5 K\u00f8benhavns Universitet. Hun er samtidig forskningsleder p\u00e5 et st\u00f8rre forskningsprojekt om kommunikationsr\u00e5dgivning: Fremtidens R\u00e5dgiver.<\/p>\n<p>Gitte har arbejdet med forskningskommunikation i b\u00e5de teori og praksis siden 2003 og har i mange \u00e5r afholdt kurser i forskningskommunikation for forskere p\u00e5 danske universiteter. Tidligere har hun i en r\u00e6kke forskningsprojekter analyseret journalistisk praksis baseret p\u00e5 observationer af og interviews med journalister p\u00e5 de danske medieredaktioner.<\/p>\n<p><strong>Anders Monrad Rendtorff er kommunikationspraktikeren.<\/strong><br \/> Han er cand.scient.soc fra Roskilde Universitet og executive MBA fra CBS.<\/p>\n<p>Anders er i dag kommunikationsr\u00e5dgiver og Associeret Partner i RelationsPeople, netv\u00e6rksdirekt\u00f8r i EGN Netv\u00e6rk Danmark og kommunikationschef for VL \u2013 Dansk Selskab for Virksomhedsledelse. Derudover er Anders bestyrelsesmedlem i K1 (Kommunikationsbranchens community for professionelle) og den danske repr\u00e6sentant for EACD (European Association for Communication Directors).<\/p>\n<p>Anders har forest\u00e5et medie- og budskabstr\u00e6ning af ledere, specialister og forskere i en \u00e5rr\u00e6kke, og tidligere har han v\u00e6ret kommunikationsdirekt\u00f8r i store danske virksomheder som BG Bank, Ericsson, Telia, Coloplast og Vestas.<\/p>\n<p>&nbsp;<\/p>\n<p>[\/et_pb_text][\/et_pb_column][\/et_pb_row][\/et_pb_section]<\/p>\n","protected":false},"excerpt":{"rendered":"<p>Kommunikationsforskeren og kommunikationspraktikeren Kontakt forfatterteamet Anders Monrad RendtorffE: anders@relationspeople.dkM: 2940 7016W: linkedin.com\/in\/andersrendtorff\/Forskeren og r\u00e5dgiveren Gitte Gravengaard er kommunikationsforskeren. Hun er lektor og ph.d. i Kommunikation ved Institut for Nordiske Studier og Sprogvidenskab, K\u00f8benhavns Universitet. Gitte forsker og underviser i strategisk kommunikation, forskningskommunikation, kommunikationsr\u00e5dgivning og journalistisk praksis p\u00e5 K\u00f8benhavns Universitet. Hun er samtidig forskningsleder p\u00e5 et [&hellip;]<\/p>\n","protected":false},"author":7,"featured_media":0,"parent":0,"menu_order":0,"comment_status":"closed","ping_status":"closed","template":"","meta":{"_et_pb_use_builder":"on","_et_pb_old_content":"","_et_gb_content_width":"","footnotes":""},"class_list":["post-12","page","type-page","status-publish","hentry"],"_links":{"self":[{"href":"https:\/\/forskningskommunikation.net\/index.php?rest_route=\/wp\/v2\/pages\/12","targetHints":{"allow":["GET"]}}],"collection":[{"href":"https:\/\/forskningskommunikation.net\/index.php?rest_route=\/wp\/v2\/pages"}],"about":[{"href":"https:\/\/forskningskommunikation.net\/index.php?rest_route=\/wp\/v2\/types\/page"}],"author":[{"embeddable":true,"href":"https:\/\/forskningskommunikation.net\/index.php?rest_route=\/wp\/v2\/users\/7"}],"replies":[{"embeddable":true,"href":"https:\/\/forskningskommunikation.net\/index.php?rest_route=%2Fwp%2Fv2%2Fcomments&post=12"}],"version-history":[{"count":6,"href":"https:\/\/forskningskommunikation.net\/index.php?rest_route=\/wp\/v2\/pages\/12\/revisions"}],"predecessor-version":[{"id":742,"href":"https:\/\/forskningskommunikation.net\/index.php?rest_route=\/wp\/v2\/pages\/12\/revisions\/742"}],"wp:attachment":[{"href":"https:\/\/forskningskommunikation.net\/index.php?rest_route=%2Fwp%2Fv2%2Fmedia&parent=12"}],"curies":[{"name":"wp","href":"https:\/\/api.w.org\/{rel}","templated":true}]}}